{"id":79,"date":"2025-01-09T07:43:30","date_gmt":"2025-01-09T07:43:30","guid":{"rendered":"https:\/\/newsmagazinexpro.kinsta.cloud\/demo\/?page_id=79"},"modified":"2025-07-02T14:36:40","modified_gmt":"2025-07-02T17:36:40","slug":"maratona-do-consumidor","status":"publish","type":"page","link":"https:\/\/maratonadoconsumidor.com.br\/en\/","title":{"rendered":"In\u00edcio"},"content":{"rendered":"","protected":false},"excerpt":{"rendered":"","protected":false},"author":1,"featured_media":0,"parent":0,"menu_order":0,"comment_status":"closed","ping_status":"closed","template":"","meta":{"_mbp_gutenberg_autopost":false,"jetpack_post_was_ever_published":false,"footnotes":""},"class_list":["post-79","page","type-page","status-publish","hentry"],"yoast_head":"\nMaratona do Consumidor<\/title>\n<meta name=\"robots\" content=\"index, follow, max-snippet:-1, max-image-preview:large, max-video-preview:-1\" \/>\n<link rel=\"canonical\" href=\"https:\/\/maratonadoconsumidor.com.br\/en\/\" \/>\n<meta property=\"og:locale\" content=\"en_US\" \/>\n<meta property=\"og:type\" content=\"article\" \/>\n<meta property=\"og:title\" content=\"Maratona do Consumidor\" \/>\n<meta property=\"og:url\" content=\"https:\/\/maratonadoconsumidor.com.br\/en\/\" \/>\n<meta property=\"article:publisher\" content=\"https:\/\/www.facebook.com\/canaldomaratonadoconsumidor\" \/>\n<meta property=\"article:modified_time\" content=\"2025-07-02T17:36:40+00:00\" \/>\n<meta name=\"twitter:card\" content=\"summary_large_image\" \/>\n<meta name=\"twitter:site\" content=\"@MaratonadoCons1\" \/>\n<script type=\"application\/ld+json\" class=\"yoast-schema-graph\">{\"@context\":\"https:\\\/\\\/schema.org\",\"@graph\":[{\"@type\":\"WebPage\",\"@id\":\"https:\\\/\\\/maratonadoconsumidor.com.br\\\/\",\"url\":\"https:\\\/\\\/maratonadoconsumidor.com.br\\\/\",\"name\":\"Maratona do Consumidor\",\"isPartOf\":{\"@id\":\"https:\\\/\\\/maratonadoconsumidor.com.br\\\/#website\"},\"datePublished\":\"2025-01-09T07:43:30+00:00\",\"dateModified\":\"2025-07-02T17:36:40+00:00\",\"breadcrumb\":{\"@id\":\"https:\\\/\\\/maratonadoconsumidor.com.br\\\/#breadcrumb\"},\"inLanguage\":\"en-US\",\"potentialAction\":[{\"@type\":\"ReadAction\",\"target\":[\"https:\\\/\\\/maratonadoconsumidor.com.br\\\/\"]}]},{\"@type\":\"BreadcrumbList\",\"@id\":\"https:\\\/\\\/maratonadoconsumidor.com.br\\\/#breadcrumb\",\"itemListElement\":[{\"@type\":\"ListItem\",\"position\":1,\"name\":\"In\u00edcio\",\"item\":\"https:\\\/\\\/maratonadoconsumidor.com.br\\\/\"},{\"@type\":\"ListItem\",\"position\":2,\"name\":\"In\u00edcio\"}]},{\"@type\":\"WebSite\",\"@id\":\"https:\\\/\\\/maratonadoconsumidor.com.br\\\/#website\",\"url\":\"https:\\\/\\\/maratonadoconsumidor.com.br\\\/\",\"name\":\"Maratona do Consumidor\",\"description\":\"\",\"publisher\":{\"@id\":\"https:\\\/\\\/maratonadoconsumidor.com.br\\\/#organization\"},\"potentialAction\":[{\"@type\":\"SearchAction\",\"target\":{\"@type\":\"EntryPoint\",\"urlTemplate\":\"https:\\\/\\\/maratonadoconsumidor.com.br\\\/?s={search_term_string}\"},\"query-input\":{\"@type\":\"PropertyValueSpecification\",\"valueRequired\":true,\"valueName\":\"search_term_string\"}}],\"inLanguage\":\"en-US\"},{\"@type\":\"Organization\",\"@id\":\"https:\\\/\\\/maratonadoconsumidor.com.br\\\/#organization\",\"name\":\"Maratona do Consumidor\",\"url\":\"https:\\\/\\\/maratonadoconsumidor.com.br\\\/\",\"logo\":{\"@type\":\"ImageObject\",\"inLanguage\":\"en-US\",\"@id\":\"https:\\\/\\\/maratonadoconsumidor.com.br\\\/#\\\/schema\\\/logo\\\/image\\\/\",\"url\":\"https:\\\/\\\/maratonadoconsumidor.com.br\\\/wp-content\\\/uploads\\\/2025\\\/06\\\/MARATONA-DO-CONSUMIDOR-160.png\",\"contentUrl\":\"https:\\\/\\\/maratonadoconsumidor.com.br\\\/wp-content\\\/uploads\\\/2025\\\/06\\\/MARATONA-DO-CONSUMIDOR-160.png\",\"width\":180,\"height\":60,\"caption\":\"Maratona do Consumidor\"},\"image\":{\"@id\":\"https:\\\/\\\/maratonadoconsumidor.com.br\\\/#\\\/schema\\\/logo\\\/image\\\/\"},\"sameAs\":[\"https:\\\/\\\/www.facebook.com\\\/canaldomaratonadoconsumidor\",\"https:\\\/\\\/x.com\\\/MaratonadoCons1\",\"https:\\\/\\\/www.instagram.com\\\/maratonadoconsumidor\\\/\",\"https:\\\/\\\/www.youtube.com\\\/@MaratonadoConsumidor\"]}]}<\/script>\n<!-- \/ Yoast SEO plugin. -->","yoast_head_json":{"title":"Maratona do Consumidor","robots":{"index":"index","follow":"follow","max-snippet":"max-snippet:-1","max-image-preview":"max-image-preview:large","max-video-preview":"max-video-preview:-1"},"canonical":"https:\/\/maratonadoconsumidor.com.br\/en\/","og_locale":"en_US","og_type":"article","og_title":"Maratona do Consumidor","og_url":"https:\/\/maratonadoconsumidor.com.br\/en\/","article_publisher":"https:\/\/www.facebook.com\/canaldomaratonadoconsumidor","article_modified_time":"2025-07-02T17:36:40+00:00","twitter_card":"summary_large_image","twitter_site":"@MaratonadoCons1","schema":{"@context":"https:\/\/schema.org","@graph":[{"@type":"WebPage","@id":"https:\/\/maratonadoconsumidor.com.br\/","url":"https:\/\/maratonadoconsumidor.com.br\/","name":"Maratona do Consumidor","isPartOf":{"@id":"https:\/\/maratonadoconsumidor.com.br\/#website"},"datePublished":"2025-01-09T07:43:30+00:00","dateModified":"2025-07-02T17:36:40+00:00","breadcrumb":{"@id":"https:\/\/maratonadoconsumidor.com.br\/#breadcrumb"},"inLanguage":"en-US","potentialAction":[{"@type":"ReadAction","target":["https:\/\/maratonadoconsumidor.com.br\/"]}]},{"@type":"BreadcrumbList","@id":"https:\/\/maratonadoconsumidor.com.br\/#breadcrumb","itemListElement":[{"@type":"ListItem","position":1,"name":"In\u00edcio","item":"https:\/\/maratonadoconsumidor.com.br\/"},{"@type":"ListItem","position":2,"name":"In\u00edcio"}]},{"@type":"WebSite","@id":"https:\/\/maratonadoconsumidor.com.br\/#website","url":"https:\/\/maratonadoconsumidor.com.br\/","name":"Maratona do Consumidor","description":"","publisher":{"@id":"https:\/\/maratonadoconsumidor.com.br\/#organization"},"potentialAction":[{"@type":"SearchAction","target":{"@type":"EntryPoint","urlTemplate":"https:\/\/maratonadoconsumidor.com.br\/?s={search_term_string}"},"query-input":{"@type":"PropertyValueSpecification","valueRequired":true,"valueName":"search_term_string"}}],"inLanguage":"en-US"},{"@type":"Organization","@id":"https:\/\/maratonadoconsumidor.com.br\/#organization","name":"Maratona do Consumidor","url":"https:\/\/maratonadoconsumidor.com.br\/","logo":{"@type":"ImageObject","inLanguage":"en-US","@id":"https:\/\/maratonadoconsumidor.com.br\/#\/schema\/logo\/image\/","url":"https:\/\/maratonadoconsumidor.com.br\/wp-content\/uploads\/2025\/06\/MARATONA-DO-CONSUMIDOR-160.png","contentUrl":"https:\/\/maratonadoconsumidor.com.br\/wp-content\/uploads\/2025\/06\/MARATONA-DO-CONSUMIDOR-160.png","width":180,"height":60,"caption":"Maratona do Consumidor"},"image":{"@id":"https:\/\/maratonadoconsumidor.com.br\/#\/schema\/logo\/image\/"},"sameAs":["https:\/\/www.facebook.com\/canaldomaratonadoconsumidor","https:\/\/x.com\/MaratonadoCons1","https:\/\/www.instagram.com\/maratonadoconsumidor\/","https:\/\/www.youtube.com\/@MaratonadoConsumidor"]}]}},"jetpack-related-posts":[{"id":17,"url":"https:\/\/maratonadoconsumidor.com.br\/en\/politica-de-cookies\/","url_meta":{"origin":79,"position":0},"title":"Pol\u00edtica de Cookies","author":"Emilio de Vicente","date":"24 de June de 2025","format":false,"excerpt":"Esta Pol\u00edtica de Cookies explica como o blog Maratona do Consumidor (https:\/\/maratonadoconsumidor.com.br) utiliza cookies e tecnologias semelhantes para melhorar a sua experi\u00eancia de navega\u00e7\u00e3o, personalizar conte\u00fado e an\u00fancios, fornecer funcionalidades de redes sociais e analisar o tr\u00e1fego no site. Ao continuar navegando em nosso blog, voc\u00ea concorda com o uso\u2026","rel":"","context":"Similar post","block_context":{"text":"Similar post","link":""},"img":{"alt_text":"","src":"","width":0,"height":0},"classes":[]}],"jetpack_sharing_enabled":true,"jetpack_likes_enabled":true,"_links":{"self":[{"href":"https:\/\/maratonadoconsumidor.com.br\/en\/wp-json\/wp\/v2\/pages\/79","targetHints":{"allow":["GET"]}}],"collection":[{"href":"https:\/\/maratonadoconsumidor.com.br\/en\/wp-json\/wp\/v2\/pages"}],"about":[{"href":"https:\/\/maratonadoconsumidor.com.br\/en\/wp-json\/wp\/v2\/types\/page"}],"author":[{"embeddable":true,"href":"https:\/\/maratonadoconsumidor.com.br\/en\/wp-json\/wp\/v2\/users\/1"}],"replies":[{"embeddable":true,"href":"https:\/\/maratonadoconsumidor.com.br\/en\/wp-json\/wp\/v2\/comments?post=79"}],"version-history":[{"count":0,"href":"https:\/\/maratonadoconsumidor.com.br\/en\/wp-json\/wp\/v2\/pages\/79\/revisions"}],"wp:attachment":[{"href":"https:\/\/maratonadoconsumidor.com.br\/en\/wp-json\/wp\/v2\/media?parent=79"}],"curies":[{"name":"wp","href":"https:\/\/api.w.org\/{rel}","templated":true}]}}